{"id":50,"date":"2019-11-01T11:31:10","date_gmt":"2019-11-01T10:31:10","guid":{"rendered":"https:\/\/ubachner.de\/?page_id=50"},"modified":"2021-05-05T18:26:34","modified_gmt":"2021-05-05T16:26:34","slug":"pferdewerkstatt","status":"publish","type":"page","link":"https:\/\/ubachner.de\/index.php\/reiten\/pferdewerkstatt\/","title":{"rendered":"Die Pferdewerkstatt"},"content":{"rendered":"\n<p>Viele\nPferdebesitzer werden\nfr\u00fcher oder sp\u00e4ter mit \u201eunerkl\u00e4rlichen\u201c oder chronischen\nSch\u00e4den konfrontiert und m\u00fcssen fortan einen (Fr\u00fch-)Rentner oder\nHalbinvaliden betreuen. Gleichzeitig\nhaben sie irgendwelche reiterlichen Probleme\nmit dem Pferd,\ndie sie versuchen, in den\nGriff zu bekommen. Auf den ersten Blick hat das eine mit dem anderen\nnichts zu tun, aber eigentlich bleibt ein gut gerittenes (und optimal\ngehaltenes) Pferd lebenslang gesund und leistungsf\u00e4hig. Selbst\nUnf\u00e4lle und Verletzungen sind eher selten, weil sich\nein gut bemuskeltes Pferd\nau\u00dferhalb des Trainings gen\u00fcgend bewegen\nkann und sich\ndaher kaum verletzt. Sind bereits Defizite vorhanden, kann\nman durch eine verbesserte Haltung, ein\ngezieltes Aufbautraining\nund alternative Therapiemethoden (Bioresonanztherapie)\nviel erreichen. Wenn\nallerdings die Grundversorgung nicht stimmt, wird kein Therapeut\n(auch kein hochbegabter Heiler) das Pferd lange gesund erhalten\nk\u00f6nnen. Gen\u00fcgend\nSchrittbewegung, Raufutter (m\u00f6glichst zur freien Verf\u00fcgung) und\neine pferdegerechtes Training sind unerl\u00e4sslich.\nEgal\nob Freizeit- oder Sportpferd, ob Springen, Dressur, Western oder\nGel\u00e4nde,\nalle\nPferde m\u00fcssen fachgerecht\nund regelm\u00e4\u00dfig trainiert\nwerden. \n<\/p>\n\n\n\n<figure class=\"wp-block-image\"><img decoding=\"async\" loading=\"lazy\" width=\"723\" height=\"1024\" src=\"https:\/\/ubachner.de\/wp-content\/uploads\/2019\/11\/42-d\u00f6sendes-Pferd-3-723x1024.gif\" alt=\"\" class=\"wp-image-379\" srcset=\"https:\/\/ubachner.de\/wp-content\/uploads\/2019\/11\/42-d\u00f6sendes-Pferd-3-723x1024.gif 723w, https:\/\/ubachner.de\/wp-content\/uploads\/2019\/11\/42-d\u00f6sendes-Pferd-3-212x300.gif 212w, https:\/\/ubachner.de\/wp-content\/uploads\/2019\/11\/42-d\u00f6sendes-Pferd-3-768x1088.gif 768w\" sizes=\"(max-width: 723px) 100vw, 723px\" \/><\/figure>\n\n\n\n<p>Tier\u00e4rzte und Therapeuten gehen in St\u00e4llen ein und aus, nicht immer mit lang anhaltendem Erfolg, weil isolierte Symptome und Akutgeschehen behandelt werden. Defizite am <a href=\"https:\/\/ubachner.de\/index.php\/reiten\/pferdewerkstatt\/bewegungsapparat\">Bewegungsapparat<\/a> (Lahmheiten, Taktunreinheiten etc.) verschwinden zwar nach wenigen Wochen, aber Haltung und Training werden im Prinzip beibehalten. Bei R\u00fcckenproblemen muss ein anderer Sattel her, der die fehlende Muskulatur kompensiert. Wenn man jedoch die Reitmethodik nicht umfassend \u00e4ndert, kommen die R\u00fcckenschmerzen immer wieder. Stoffwechsel- und <a href=\"https:\/\/ubachner.de\/index.php\/reiten\/pferdewerkstatt\/stoffwechsel\">Verdauungsst\u00f6rungen<\/a> geht man mit Medikamenten und Futterumstellungen an, anstatt s\u00e4mtliche Ursachen zu beseitigen und die Stoffwechsellage durch Training grundlegend zu verbessern. Bei St\u00f6rungen des <a href=\"https:\/\/ubachner.de\/index.php\/reiten\/pferdewerkstatt\/immunsystem\">Immunsystems<\/a> muss sich der Besitzer mit chronischen Lungenerkrankungen und Allergien auseinandersetzen. In vielen F\u00e4llen kann man trotzdem eine Verschlechterung bis zur Lungend\u00e4mpfigkeit kaum aufhalten, nicht zuletzt weil kein regelm\u00e4\u00dfiges Training stattfindet. In der Regel bleiben <a href=\"https:\/\/ubachner.de\/index.php\/reiten\/pferdewerkstatt\/nieren\">Nierenprobleme<\/a> unentdeckt, da untypische Symptome (erh\u00f6hte Hautsensibilit\u00e4t, schlechte Wundheilung etc.) nicht damit in Zusammenhang gebracht werden. Massive <a href=\"https:\/\/ubachner.de\/index.php\/reiten\/pferdewerkstatt\/haut\">Hauterkrankungen<\/a> m\u00fcssen dann mit Cortison behandelt werden, weil alles andere nicht mehr hilft. Klassische <a href=\"https:\/\/ubachner.de\/index.php\/reiten\/pferdewerkstatt\/alter\">Alterserscheinungen<\/a> kommen dadurch fr\u00fcher und beenden die Reitpferdekarriere vorzeitig. Gleichzeitig werden <a href=\"https:\/\/ubachner.de\/index.php\/reiten\/pferdewerkstatt\/verhalten\">Verhaltensauff\u00e4lligkeiten<\/a> gar nicht oder durch Zusatzfuttermittel angegangen, anstatt die Ursachen in Haltung und Training abzustellen.<\/p>\n\n\n\n<p>Die Ursachen f\u00fcr reiterliche Probleme mit dem Pferd liegen in ungen\u00fcgender Grundlagenarbeit (<a href=\"https:\/\/ubachner.de\/index.php\/bodenarbeit\">Bodena<\/a><a href=\"https:\/\/ubachner.de\/index.php\/reiten\/pferdewerkstatt\/bodenarbeit\">rbeit<\/a>) und ung\u00fcnstiger Reitmethodik (<a href=\"https:\/\/ubachner.de\/index.php\/reitausbildung\/\">Reitausbildung<\/a>). Die Arbeit am Boden ist der beste Weg, eine intensive Beziehung zu seinem Pferd aufzubauen und gleichzeitig Vertrauen und Respekt in ein gutes Gleichgewicht zu bringen. Auf dieser Basis beginnt die Ausbildung unter dem Sattel, die weniger mit dem Draufsitzen und viel mehr mit dem Zuwachs an Muskelkraft zu tun hat. Denn jedes Pferd, das einen Reiter tr\u00e4gt, muss durch entsprechendes Muskeltraining darauf vorbereitet werden. Viele Freizeitpferde sind schlecht gymnastiziert und haben niemals gelernt, mit aktiver Hinterhand \u201e\u00fcber den R\u00fccken\u201c zu gehen. Sie arrangieren sich mit kurzen Tritten und festgehaltenen R\u00fcckenmuskeln und entwickeln vorzeitige Verschlei\u00dferscheinungen. Sp\u00e4testens wenn man ein Pferd korrigieren muss, weil es schlechte Erfahrungen gemacht und\/oder Ausbildungsm\u00e4ngel hat, kommt man um Bodenarbeit und eine bessere Reitausbildung nicht herum.  <\/p>\n","protected":false},"excerpt":{"rendered":"<p>Viele Pferdebesitzer werden fr\u00fcher oder sp\u00e4ter mit \u201eunerkl\u00e4rlichen\u201c oder chronischen Sch\u00e4den konfrontiert und m\u00fcssen fortan einen (Fr\u00fch-)Rentner oder Halbinvaliden betreuen. Gleichzeitig haben sie irgendwelche reiterlichen Probleme mit dem Pferd, die sie versuchen, in den Griff zu bekommen. Auf den ersten Blick hat das eine mit dem anderen nichts zu tun, aber eigentlich bleibt ein gut &hellip; <a href=\"https:\/\/ubachner.de\/index.php\/reiten\/pferdewerkstatt\/\" class=\"more-link\"><span class=\"screen-reader-text\">Die Pferdewerkstatt<\/span> weiterlesen<\/a><\/p>\n","protected":false},"author":1,"featured_media":0,"parent":28,"menu_order":1,"comment_status":"closed","ping_status":"closed","template":"","meta":[],"_links":{"self":[{"href":"https:\/\/ubachner.de\/index.php\/wp-json\/wp\/v2\/pages\/50"}],"collection":[{"href":"https:\/\/ubachner.de\/index.php\/wp-json\/wp\/v2\/pages"}],"about":[{"href":"https:\/\/ubachner.de\/index.php\/wp-json\/wp\/v2\/types\/page"}],"author":[{"embeddable":true,"href":"https:\/\/ubachner.de\/index.php\/wp-json\/wp\/v2\/users\/1"}],"replies":[{"embeddable":true,"href":"https:\/\/ubachner.de\/index.php\/wp-json\/wp\/v2\/comments?post=50"}],"version-history":[{"count":15,"href":"https:\/\/ubachner.de\/index.php\/wp-json\/wp\/v2\/pages\/50\/revisions"}],"predecessor-version":[{"id":858,"href":"https:\/\/ubachner.de\/index.php\/wp-json\/wp\/v2\/pages\/50\/revisions\/858"}],"up":[{"embeddable":true,"href":"https:\/\/ubachner.de\/index.php\/wp-json\/wp\/v2\/pages\/28"}],"wp:attachment":[{"href":"https:\/\/ubachner.de\/index.php\/wp-json\/wp\/v2\/media?parent=50"}],"curies":[{"name":"wp","href":"https:\/\/api.w.org\/{rel}","templated":true}]}}