{"id":295,"date":"2019-11-08T11:44:21","date_gmt":"2019-11-08T10:44:21","guid":{"rendered":"https:\/\/ubachner.de\/?page_id=295"},"modified":"2019-11-08T11:44:21","modified_gmt":"2019-11-08T10:44:21","slug":"reitunterricht","status":"publish","type":"page","link":"https:\/\/ubachner.de\/index.php\/reitunterricht\/","title":{"rendered":"Reitunterricht"},"content":{"rendered":"\n<ul><li>Reitunterricht und Pferdetraining bei Besitzern mit eigenen Pferden nach klassischen Grunds\u00e4tzen, aber auch reitweisen\u00fcbergreifend (Western, Gangpferde etc.)<\/li><li>Grundausbildung an der Hand, F\u00fchrtraining, Bodenarbeit, Arbeit an Doppellonge und Langz\u00fcgel, (therapeutischer) Reitunterricht bis Dressur Kl. M (Zusendung von Trainingsvideos \u00fcber WhatsApp m\u00f6glich) <\/li><\/ul>\n","protected":false},"excerpt":{"rendered":"<p>Reitunterricht und Pferdetraining bei Besitzern mit eigenen Pferden nach klassischen Grunds\u00e4tzen, aber auch reitweisen\u00fcbergreifend (Western, Gangpferde etc.) Grundausbildung an der Hand, F\u00fchrtraining, Bodenarbeit, Arbeit an Doppellonge und Langz\u00fcgel, (therapeutischer) Reitunterricht bis Dressur Kl. M (Zusendung von Trainingsvideos \u00fcber WhatsApp m\u00f6glich)<\/p>\n","protected":false},"author":1,"featured_media":0,"parent":0,"menu_order":0,"comment_status":"closed","ping_status":"closed","template":"","meta":[],"_links":{"self":[{"href":"https:\/\/ubachner.de\/index.php\/wp-json\/wp\/v2\/pages\/295"}],"collection":[{"href":"https:\/\/ubachner.de\/index.php\/wp-json\/wp\/v2\/pages"}],"about":[{"href":"https:\/\/ubachner.de\/index.php\/wp-json\/wp\/v2\/types\/page"}],"author":[{"embeddable":true,"href":"https:\/\/ubachner.de\/index.php\/wp-json\/wp\/v2\/users\/1"}],"replies":[{"embeddable":true,"href":"https:\/\/ubachner.de\/index.php\/wp-json\/wp\/v2\/comments?post=295"}],"version-history":[{"count":1,"href":"https:\/\/ubachner.de\/index.php\/wp-json\/wp\/v2\/pages\/295\/revisions"}],"predecessor-version":[{"id":296,"href":"https:\/\/ubachner.de\/index.php\/wp-json\/wp\/v2\/pages\/295\/revisions\/296"}],"wp:attachment":[{"href":"https:\/\/ubachner.de\/index.php\/wp-json\/wp\/v2\/media?parent=295"}],"curies":[{"name":"wp","href":"https:\/\/api.w.org\/{rel}","templated":true}]}}