{"id":26,"date":"2019-10-27T14:28:29","date_gmt":"2019-10-27T13:28:29","guid":{"rendered":"http:\/\/ubachner.team-ctech.de\/?page_id=26"},"modified":"2020-05-20T11:08:08","modified_gmt":"2020-05-20T09:08:08","slug":"bioresonanz","status":"publish","type":"page","link":"https:\/\/ubachner.de\/index.php\/bioresonanz\/","title":{"rendered":"Bioresonanztherapie"},"content":{"rendered":"\n<p>Wenn\nman Patienten, Tierbesitzer oder auch Therapeuten nach Bioresonanz\nfragt, bewegen sich die Antworten zwischen \u201eKeine Ahnung! Noch nie\ngeh\u00f6rt!\u201c, \u201eIrgendwas Esoterisches!\u201c und \u201eIch wei\u00df nicht,\nwie &#8211; aber es funktioniert!\u201c. Vor allem Allergiker und\nChronisch-Kranke haben schon mal davon geh\u00f6rt, denn sp\u00fcrbare\nVerbesserungen und Heilerfolge sprechen sich herum \u2013 auch wenn man\nsie nicht genau erkl\u00e4ren kann.<\/p>\n\n\n\n<p>Bei der Bioresonanztherapie handelt es sich um ein physikalisches Verfahren, mit dem k\u00f6rpereigene Schwingungen gemessen, ver\u00e4ndert und dem K\u00f6rper wieder zugef\u00fchrt werden. Jetzt denkt man bei \u201eSchwingungen\u201c sofort an Esoterik oder Hokuspokus, doch wird der Begriff durch \u201ePhotonen\u201c ersetzt, sind wir eigentlich in der Physik.<\/p>\n\n\n\n<p>&#8220;Photonen sind das, woraus elektromagnetische Strahlung besteht. Daher wird gelegentlich auch die Bezeichnung Lichtquant oder Lichtteilchen verwendet\u2026. Das Photon ist ein Elementarteilchen ohne Masse, aber mit Energie und Drehimpuls, die beide proportional zu seiner Frequenz sind\u2026. Jegliche elektromagnetische Strahlung, von Radiowellen bis zur Gammastrahlung, ist in Photonen gequantelt. Das bedeutet, die kleinstm\u00f6gliche Energiemenge an elektromagnetischer Strahlung bestimmter Frequenz ist ein Photon. Photonen haben eine unendliche nat\u00fcrliche Lebensdauer, k\u00f6nnen aber bei einer Vielzahl physikalischer Prozesse erzeugt oder vernichtet werden.&#8221; (Quelle Wikipedia)<\/p>\n\n\n\n<p>Die Funktionsweise des Bioresonanzverfahrens wird durch die neuesten Erkenntnisse in der Quantenphysik best\u00e4tigt, jedoch von der aktuellen Lehrmeinung noch nicht akzeptiert. Jeder Organismus besteht aus einer Vielzahl von K\u00f6rperzellen, die untereinander einen st\u00e4ndigen Informationsaustausch aufrechterhalten. Sonst w\u00e4ren die vielf\u00e4ltigen biochemischen Abl\u00e4ufe auf Zellebene, in Gewebeverb\u00e4nden und Organen gar nicht m\u00f6glich. Diese Kommunikation funktioniert \u00fcber <a href=\"https:\/\/ubachner.de\/index.php\/bioresonanz\/resonanzen\">Biophotonen<\/a> (\u201ebio\u201c f\u00fcr Leben), und zwar mit einer Reaktionszeit von einer hundertstel Sekunde auf \u00e4u\u00dfere und einer tausendstel Sekunde auf innere Einfl\u00fcsse.<\/p>\n\n\n\n<figure class=\"wp-block-image\"><img decoding=\"async\" loading=\"lazy\" width=\"1024\" height=\"724\" src=\"https:\/\/ubachner.de\/wp-content\/uploads\/2020\/05\/Informationsaustausch-2-1024x724.gif\" alt=\"\" class=\"wp-image-452\" srcset=\"https:\/\/ubachner.de\/wp-content\/uploads\/2020\/05\/Informationsaustausch-2-1024x724.gif 1024w, https:\/\/ubachner.de\/wp-content\/uploads\/2020\/05\/Informationsaustausch-2-300x212.gif 300w, https:\/\/ubachner.de\/wp-content\/uploads\/2020\/05\/Informationsaustausch-2-768x543.gif 768w\" sizes=\"(max-width: 1024px) 100vw, 1024px\" \/><\/figure>\n\n\n\n<p>S\u00e4mtliche Teile des K\u00f6rpers, also Zellen, Gewebeverb\u00e4nde, Organe, Regelkreise usw., aber auch alle Substanzen, wie pflanzliche und chemische Stoffe, Viren, Bakterien, Allergene, Toxine, Schwermetalle etc., strahlen solche Biophotonen ab. Sie bewirken harmonische oder disharmonische Funktionsabl\u00e4ufe, demnach auf <a href=\"https:\/\/ubachner.de\/index.php\/bioresonanz\/zellstoffwechsel\">Zellebene<\/a>, in Geweben und Organen gesunde oder krankhafte Vorg\u00e4nge. Jeder Organismus hat zwar vielf\u00e4ltige M\u00f6glichkeiten, St\u00f6rungen auszugleichen, aber in vielen F\u00e4llen k\u00f6nnen Belastungen irgendwann nicht mehr kompensiert werden.  <\/p>\n\n\n\n<p>Ein Bioresonanzger\u00e4t kann diese Abweichungen im Quantenstrom ermitteln und durch harmonische Biophotonen korrigieren. Aus der Physik ist bekannt, dass Photonen durch ihr exaktes Spiegelbild aufgehoben bzw. gel\u00f6scht werden k\u00f6nnen. Dem K\u00f6rper werden genau diese Korrekturen zugef\u00fchrt, bis die eigenen Selbstheilungsmechanismen wieder greifen.<\/p>\n\n\n\n<figure class=\"wp-block-image is-resized\"><img decoding=\"async\" loading=\"lazy\" src=\"https:\/\/ubachner.de\/wp-content\/uploads\/2020\/05\/\u00dcbertragung-2-1024x723.gif\" alt=\"\" class=\"wp-image-470\" width=\"563\" height=\"397\" srcset=\"https:\/\/ubachner.de\/wp-content\/uploads\/2020\/05\/\u00dcbertragung-2-1024x723.gif 1024w, https:\/\/ubachner.de\/wp-content\/uploads\/2020\/05\/\u00dcbertragung-2-300x212.gif 300w, https:\/\/ubachner.de\/wp-content\/uploads\/2020\/05\/\u00dcbertragung-2-768x542.gif 768w\" sizes=\"(max-width: 563px) 100vw, 563px\" \/><\/figure>\n\n\n\n<p>Auf <a href=\"https:\/\/ubachner.de\/index.php\/bioresonanz\/humanmedizin\">Menschen<\/a> und <a href=\"https:\/\/ubachner.de\/index.php\/bioresonanz\/tiermedizin\">Tiere<\/a> wirken heute viele Belastungen ein, wie chemische Zusatzstoffe in Nahrungsmitteln, Umweltgifte, Medikamente usw. Auch der Lebensstil mit Ern\u00e4hrung, Bewegung und Umgang mit Stressfaktoren spielt eine entscheidende Rolle. Kein Organismus kann ungesunde Ern\u00e4hrung, Bewegungsmangel und hohe Stressbelastungen auf die Dauer kompensieren. Daher sind Entgiftung und Ausleitung von Schadstoffen sehr wichtig, denn Umweltbelastungen und Zusatzstoffe in Nahrungsmitteln kann man kaum vermeiden.<\/p>\n\n\n\n<figure class=\"wp-block-image is-resized\"><img decoding=\"async\" loading=\"lazy\" src=\"https:\/\/ubachner.de\/wp-content\/uploads\/2020\/05\/Belastungen-4-1024x723.gif\" alt=\"\" class=\"wp-image-464\" width=\"535\" height=\"377\" srcset=\"https:\/\/ubachner.de\/wp-content\/uploads\/2020\/05\/Belastungen-4-1024x723.gif 1024w, https:\/\/ubachner.de\/wp-content\/uploads\/2020\/05\/Belastungen-4-300x212.gif 300w, https:\/\/ubachner.de\/wp-content\/uploads\/2020\/05\/Belastungen-4-768x542.gif 768w\" sizes=\"(max-width: 535px) 100vw, 535px\" \/><\/figure>\n\n\n\n<p>Der sorglose Umgang mit chemischen Medikamenten, Hormonen und Antibiotika f\u00fchrt zu hohen Belastungen, die ohne regelm\u00e4\u00dfige naturheilkundliche Entgiftungsma\u00dfnahmen vor allem Immunsystem und Stoffwechsel \u00fcberfordern. Alle unnat\u00fcrlichen Stoffe m\u00fcssen vom Immunsystem gekennzeichnet und unsch\u00e4dlich gemacht werden. Der Stoffwechsel sorgt f\u00fcr die Aufnahme der n\u00fctzlichen und Abgabe aller sch\u00e4dlichen Stoffe, damit die Organsysteme funktionieren k\u00f6nnen. Bei einer hohen Belastung mit chemischen und anderen nachteiligen Substanzen kommen beide Organsysteme an ihre Grenzen und beg\u00fcnstigen (chronische) <a href=\"https:\/\/ubachner.de\/index.php\/bioresonanz\/krankheit\">Krankheiten<\/a>. Die Entgiftungsorgane Leber und Nieren k\u00f6nnen den anfallenden M\u00fcll kaum bew\u00e4ltigen und m\u00fcssen im Bindegewebe \u201ezwischenlagern\u201c. Die Versorgung des Bewegungsapparates ger\u00e4t dadurch ins Stocken und macht sich durch Gelenkprobleme bemerkbar. Gleichzeitig kommt es zu Ablagerungen in Blutgef\u00e4\u00dfen, die allerdings erst nach Jahren Symptome verursachen. Inzwischen ist erwiesen, dass diese Verengung der Arterien nicht eine Folge fettreicher Ern\u00e4hrung ist, sondern durch Schadstoffe (Schwermetalle, Toxine etc.) und eine nachfolgende Immunreaktion an den Innenw\u00e4nden von Blutgef\u00e4\u00dfen ausgel\u00f6st wird. Regelm\u00e4\u00dfige Entgiftungsma\u00dfnahmen verhindern demnach auch Folgekrankheiten, wie Schlaganfall und Herzinfarkt, aber bereits die dauerhaft bessere Durchblutung aller K\u00f6rperstrukturen h\u00e4lt Verschlei\u00dferscheinungen und chronische Krankheiten auf.<\/p>\n\n\n\n<figure class=\"wp-block-image is-resized\"><img decoding=\"async\" loading=\"lazy\" src=\"https:\/\/ubachner.de\/wp-content\/uploads\/2020\/05\/image-2.png\" alt=\"\" class=\"wp-image-458\" width=\"547\" height=\"459\"\/><\/figure>\n\n\n\n<p>Ein\nK\u00f6rper besteht aus verschiedenen Organen, Geweben und Regelkreisen\nmit jeweils spezifischen Funktionen. Therapeutisch gesehen ist sowohl\nder Zustand z.&nbsp;B. eines Organs als auch seine Funktionsweise von\nBelang. Im Krankheitsfall weist ein K\u00f6rperorgan gesunde und\ngesch\u00e4digte Anteile auf, k\u00f6nnte aber seine vollst\u00e4ndige Funktion\nnoch erf\u00fcllen. Bei chronischen Krankheiten trifft man h\u00e4ufig auf\nirreparable Defizite (Nierengewebe, Gelenkfl\u00e4chen etc.), deren\nFunktionen durch gesunde Anteile und andere Gewebe mit\u00fcbernommen\nwerden m\u00fcssen. Je mehr Sch\u00e4den vorhanden sind, desto mehr\nUnterst\u00fctzung ist allerdings notwendig, damit die jeweiligen\nFunktionen nicht beeintr\u00e4chtigt sind. \n<\/p>\n\n\n\n<p>Mit\nder Bioresonanztherapie wird auf den Informationsaustausch\neingewirkt, also auf Informationen zum Aufbau neuer und Abbau\ngesch\u00e4digter Zellen, zur Eliminierung konkret benannter Stoffe\n(Toxine, Krankheitserreger etc.) und zur Reaktivierung bestimmter\nFunktionen (z.&nbsp;B. Insulinaufnahme). Je nach Ausma\u00df der Sch\u00e4den\nund Funktionseinbu\u00dfen m\u00fcssen diese Informationen wiederholt\nzugef\u00fchrt werden, bis der Vorgang auch ohne Unterst\u00fctzung abl\u00e4uft.\nDaher kann ein Organismus, der \u00fcber Jahre falsch ern\u00e4hrt, zu wenig\nbewegt und auch sonst \u00fcberfordert wurde, nicht innerhalb weniger\nWochen regenerieren. Je\nfr\u00fcher allerdings eine Bioresonanztherapie begonnen wird, desto eher\nwird sich eine Regeneration einstellen, vorausgesetzt\nder Lebensstil\nwird\nentsprechend\nge\u00e4ndert.\nEine \u201eProforma-Therapie\u201c, die zwar regelm\u00e4\u00dfig durchgef\u00fchrt\nwird, aber nicht von konkreten Verbesserungen in Ern\u00e4hrung, Bewegung\nund Umgang mit Stressfaktoren begleitet wird, kann nicht viel\nbewirken. In der Praxis \nwird der Bioresonanztherapeut h\u00e4ufig mit chronischen und\n\u201eaustherapierten\u201c F\u00e4llen konfrontiert.\nManchmal wird erwartet, dass s\u00e4mtliche und\n\u00fcber\nJahre entwickelte Beschwerden mit wenigen Behandlungen verschwinden.\nAber allein die Entgiftung dauert Wochen und Monate, weil nach und\nnach alle Belastungen aus ung\u00fcnstiger Ern\u00e4hrung und Lebensweise,\naus Medikamentenkonsum und sonstigen Stressfaktoren, eliminiert\nwerden m\u00fcssen. Der Erfolg einer Bioresonanztherapie h\u00e4ngt daher von\nder Mitarbeit des Patienten ab, denn die beste Therapie kann auf die\nDauer nichts gegen eine ungesunde Lebensweise bewirken.<\/p>\n\n\n\n<p>Das\nVerfahren ist gut geeignet, mit schulmedizinischen Ma\u00dfnahmen, wie\nDauermedikamente, Operationen o. \u00e4., kombiniert zu werden. In der\nRegel steigt sogar die Wirksamkeit von notwendigen Medikamenten, da\nNebenwirkungen und Irritationen des Gesamtsystems aufgefangen werden.\nTrotzdem sollte man sich eine ganzheitliche Sichtweise aneignen, die\nnicht nur aktuelle Symptome im Auge beh\u00e4lt, sondern eine\nlangfristige Verbesserung in s\u00e4mtlichen Organsystemen anstrebt.\nBelastungen von Immunsystem und Stoffwechsel lassen sich auf die\nDauer nur durch eine individuell angepasste gesunde Ern\u00e4hrung\nminimieren. Der Bewegungsapparat regeneriert nur durch angemessene\nregelm\u00e4\u00dfige Bewegung, bei massiven Sch\u00e4den an Gelenkfl\u00e4chen und\nBandscheiben ausschlie\u00dflich\ndurch Ausgleichsgymnastik. Bei fehlender Bereitschaft, die\neingefahrenen Muster zu \u00e4ndern, werden die Therapieerfolge nur\ngering sein bzw. nicht lange anhalten. \n<\/p>\n\n\n\n<p>Anhand der pathologischen Biophotonen werden bereits geringe St\u00f6rungen erkannt, auch wenn noch keine k\u00f6rperlichen Symptome vorliegen. Das Ziel der Bioresonanztherapie ist zum einen, durch Aufsp\u00fcren von Mikrodefiziten Krankheiten zu verhindern, bevor sie sich bemerkbar machen, und zum anderen bereits bestehende Beschwerden zu lindern. Vor allem komplexe <a href=\"https:\/\/ubachner.de\/index.php\/behandlungsbeispiele\">Krankheitsbilder<\/a> werden oft durch wenige Behandlungen \u201eentschl\u00fcssselt\u201c, weil die verschiedenen Faktoren nach und nach erkennbar werden. Normalerweise geht man zum Bioresonanztherapeuten, wenn \u00fcbliche Therapien an ihre Grenzen sto\u00dfen oder unbefriedigende Ergebnisse bringen. Meistens erscheint der Patient mit einer Handvoll Befunde und Laborergebnisse zur ersten Behandlung und ein verantwortungsvoller Therapeut wird auch weiterhin schulmedizinische Ma\u00dfnahmen und Diagnostiken bef\u00fcrworten. Anderenfalls muss darauf hingewiesen werden, dass solche veranlasst werden, um Gesundheitsrisiken gering zu halten. Ein Bioresonanztherapeut kann nur mit der Natur zusammen arbeiten, also nicht gegen nat\u00fcrliche Abl\u00e4ufe einwirken. Ist eine Wiederherstellung von nat\u00fcrlichen Heiltendenzen nicht mehr m\u00f6glich, z. B. aufgrund von \u00fcbergro\u00dfen Sch\u00e4den an Organen und Regelkreisen, kann Bioresonanz nur Begleittherapie zur Schulmedizin sein.<\/p>\n\n\n\n<p><\/p>\n","protected":false},"excerpt":{"rendered":"<p>Wenn man Patienten, Tierbesitzer oder auch Therapeuten nach Bioresonanz fragt, bewegen sich die Antworten zwischen \u201eKeine Ahnung! Noch nie geh\u00f6rt!\u201c, \u201eIrgendwas Esoterisches!\u201c und \u201eIch wei\u00df nicht, wie &#8211; aber es funktioniert!\u201c. Vor allem Allergiker und Chronisch-Kranke haben schon mal davon geh\u00f6rt, denn sp\u00fcrbare Verbesserungen und Heilerfolge sprechen sich herum \u2013 auch wenn man sie nicht &hellip; <a href=\"https:\/\/ubachner.de\/index.php\/bioresonanz\/\" class=\"more-link\"><span class=\"screen-reader-text\">Bioresonanztherapie<\/span> weiterlesen<\/a><\/p>\n","protected":false},"author":1,"featured_media":0,"parent":0,"menu_order":0,"comment_status":"closed","ping_status":"closed","template":"","meta":[],"_links":{"self":[{"href":"https:\/\/ubachner.de\/index.php\/wp-json\/wp\/v2\/pages\/26"}],"collection":[{"href":"https:\/\/ubachner.de\/index.php\/wp-json\/wp\/v2\/pages"}],"about":[{"href":"https:\/\/ubachner.de\/index.php\/wp-json\/wp\/v2\/types\/page"}],"author":[{"embeddable":true,"href":"https:\/\/ubachner.de\/index.php\/wp-json\/wp\/v2\/users\/1"}],"replies":[{"embeddable":true,"href":"https:\/\/ubachner.de\/index.php\/wp-json\/wp\/v2\/comments?post=26"}],"version-history":[{"count":19,"href":"https:\/\/ubachner.de\/index.php\/wp-json\/wp\/v2\/pages\/26\/revisions"}],"predecessor-version":[{"id":801,"href":"https:\/\/ubachner.de\/index.php\/wp-json\/wp\/v2\/pages\/26\/revisions\/801"}],"wp:attachment":[{"href":"https:\/\/ubachner.de\/index.php\/wp-json\/wp\/v2\/media?parent=26"}],"curies":[{"name":"wp","href":"https:\/\/api.w.org\/{rel}","templated":true}]}}