{"id":117,"date":"2019-11-04T11:11:43","date_gmt":"2019-11-04T10:11:43","guid":{"rendered":"https:\/\/ubachner.de\/?page_id=117"},"modified":"2019-11-05T11:20:49","modified_gmt":"2019-11-05T10:20:49","slug":"werdegang","status":"publish","type":"page","link":"https:\/\/ubachner.de\/index.php\/uber-mich\/werdegang\/","title":{"rendered":"Werdegang"},"content":{"rendered":"\n<p>Ich hatte das Gl\u00fcck, mit Pferden, Hunden und anderen Tieren aufwachsen zu k\u00f6nnen und ging in regelm\u00e4\u00dfigen Reitunterricht ab dem 9. Lebensjahr. Deshalb war der Berufswunsch schnell klar: etwas mit Pferden oder anderen Tieren sollte es sein und auch f\u00fcr Medizin habe ich mich immer interessiert. Nach dem Abitur habe ich die Wartezeit auf einen Studienplatz f\u00fcr Tiermedizin \u00fcberbr\u00fcckt durch verschiedene Praktika in Tierkliniken und Dressurst\u00e4llen. Danach begann ich eine Ausbildung zur Arzthelferin, ritt aber weiterhin in der Freizeit meine eigenen und die Pferde anderer. Nach der Pr\u00fcfung machte ich mich sofort mit einer Reitschule selbstst\u00e4ndig und startete auf Dressurturnieren. Nach ein paar Jahren gab ich den Schulbetrieb wieder auf und arbeitete als Reitlehrerin und Bereiterin in einem Ferien- und Zuchtbetrieb (Isl\u00e4nder und Fjordpferde). Nach einiger Zeit begann ich eine Ausbildung zur Tierheilpraktikerin und arbeitete w\u00e4hrenddessen als Arzthelferin bei einem Osteopathen. Danach schloss ich die Ausbildung und Pr\u00fcfung zur Heilpraktikerin gleich an und wagte den Sprung in die Selbstst\u00e4ndigkeit als Therapeutin. Nebenher gab ich zwar immer noch Reitunterricht, die therapeutischen M\u00f6glichkeiten f\u00fcr Mensch und Tier waren aber in den Mittelpunkt ger\u00fcckt. Zu diesem Zeitpunkt lernte ich auch Agility kennen, \u00fcbte flei\u00dfig mit meinen Hunden und reiste vermehrt in die Schweiz, um an Kursen teilzunehmen. Dann entschied ich mich f\u00fcr die Auswanderung in die Schweiz als selbstst\u00e4ndige Therapeutin, lernte viele nette Menschen kennen (mit und ohne Hund) und die Pferde waren ein wenig in den Hintergrund ger\u00fcckt. Im Agility war ich mittlerweile recht weit gekommen, gab im Verein selbst Agilitytrainings und startete zweimal f\u00fcr die Schweiz an Europameisterschaften (European Open in den Niederlanden und Tschechien). Dann kehrte ich durch ein r\u00fcckenkrankes Pferd zu Beritt und Reitunterricht zur\u00fcck und verkn\u00fcpfte immer mehr (naturheilkundliche) Therapien mit korrektem Reiten (bzw. Ausbilden). Der Erfolg war derart gro\u00df, dass sich daraus zahlreiche Folgeauftr\u00e4ge im Pferdebereich ergaben.  <\/p>\n","protected":false},"excerpt":{"rendered":"<p>Ich hatte das Gl\u00fcck, mit Pferden, Hunden und anderen Tieren aufwachsen zu k\u00f6nnen und ging in regelm\u00e4\u00dfigen Reitunterricht ab dem 9. Lebensjahr. Deshalb war der Berufswunsch schnell klar: etwas mit Pferden oder anderen Tieren sollte es sein und auch f\u00fcr Medizin habe ich mich immer interessiert. Nach dem Abitur habe ich die Wartezeit auf einen &hellip; <a href=\"https:\/\/ubachner.de\/index.php\/uber-mich\/werdegang\/\" class=\"more-link\"><span class=\"screen-reader-text\">Werdegang<\/span> weiterlesen<\/a><\/p>\n","protected":false},"author":2,"featured_media":0,"parent":14,"menu_order":1,"comment_status":"closed","ping_status":"closed","template":"","meta":[],"_links":{"self":[{"href":"https:\/\/ubachner.de\/index.php\/wp-json\/wp\/v2\/pages\/117"}],"collection":[{"href":"https:\/\/ubachner.de\/index.php\/wp-json\/wp\/v2\/pages"}],"about":[{"href":"https:\/\/ubachner.de\/index.php\/wp-json\/wp\/v2\/types\/page"}],"author":[{"embeddable":true,"href":"https:\/\/ubachner.de\/index.php\/wp-json\/wp\/v2\/users\/2"}],"replies":[{"embeddable":true,"href":"https:\/\/ubachner.de\/index.php\/wp-json\/wp\/v2\/comments?post=117"}],"version-history":[{"count":1,"href":"https:\/\/ubachner.de\/index.php\/wp-json\/wp\/v2\/pages\/117\/revisions"}],"predecessor-version":[{"id":118,"href":"https:\/\/ubachner.de\/index.php\/wp-json\/wp\/v2\/pages\/117\/revisions\/118"}],"up":[{"embeddable":true,"href":"https:\/\/ubachner.de\/index.php\/wp-json\/wp\/v2\/pages\/14"}],"wp:attachment":[{"href":"https:\/\/ubachner.de\/index.php\/wp-json\/wp\/v2\/media?parent=117"}],"curies":[{"name":"wp","href":"https:\/\/api.w.org\/{rel}","templated":true}]}}